{"id":760,"date":"2024-04-25T06:38:03","date_gmt":"2024-04-25T06:38:03","guid":{"rendered":"https:\/\/envothemes.com\/envo-royal\/?page_id=760"},"modified":"2025-08-05T21:26:15","modified_gmt":"2025-08-05T21:26:15","slug":"home-free-2","status":"publish","type":"page","link":"https:\/\/artealaesquinayalavereda.org\/index.php\/home-free-2\/","title":{"rendered":"VERSIONES"},"content":{"rendered":"\t\t<div data-elementor-type=\"wp-page\" data-elementor-id=\"760\" class=\"elementor elementor-760\">\n\t\t\t\t<div class=\"elementor-element elementor-element-21adb9d e-flex e-con-boxed e-con e-parent\" data-id=\"21adb9d\" data-element_type=\"container\" data-settings=\"{&quot;background_background&quot;:&quot;gradient&quot;}\">\n\t\t\t\t\t<div class=\"e-con-inner\">\n\t\t\t\t<div class=\"elementor-element elementor-element-d66eb06 elementor-widget elementor-widget-image\" data-id=\"d66eb06\" data-element_type=\"widget\" data-widget_type=\"image.default\">\n\t\t\t\t\t\t\t\t\t\t\t\t\t\t\t<img fetchpriority=\"high\" decoding=\"async\" width=\"1536\" height=\"1054\" src=\"https:\/\/artealaesquinayalavereda.org\/wp-content\/uploads\/2025\/07\/cropped-Mapa-festival-nacional-de-artes-1-1536x1054.png\" class=\"attachment-1536x1536 size-1536x1536 wp-image-1039\" alt=\"\" srcset=\"https:\/\/artealaesquinayalavereda.org\/wp-content\/uploads\/2025\/07\/cropped-Mapa-festival-nacional-de-artes-1-1536x1054.png 1536w, https:\/\/artealaesquinayalavereda.org\/wp-content\/uploads\/2025\/07\/cropped-Mapa-festival-nacional-de-artes-1-300x206.png 300w, https:\/\/artealaesquinayalavereda.org\/wp-content\/uploads\/2025\/07\/cropped-Mapa-festival-nacional-de-artes-1-1024x702.png 1024w, https:\/\/artealaesquinayalavereda.org\/wp-content\/uploads\/2025\/07\/cropped-Mapa-festival-nacional-de-artes-1-768x527.png 768w, https:\/\/artealaesquinayalavereda.org\/wp-content\/uploads\/2025\/07\/cropped-Mapa-festival-nacional-de-artes-1-600x412.png 600w, https:\/\/artealaesquinayalavereda.org\/wp-content\/uploads\/2025\/07\/cropped-Mapa-festival-nacional-de-artes-1.png 2000w\" sizes=\"(max-width: 1536px) 100vw, 1536px\" \/>\t\t\t\t\t\t\t\t\t\t\t\t\t\t\t<\/div>\n\t\t\t\t\t<\/div>\n\t\t\t\t<\/div>\n\t\t<div class=\"elementor-element elementor-element-dc42f97 e-flex e-con-boxed e-con e-parent\" data-id=\"dc42f97\" data-element_type=\"container\">\n\t\t\t\t\t<div class=\"e-con-inner\">\n\t\t<div class=\"elementor-element elementor-element-ad1b577 e-con-full e-flex e-con e-child\" data-id=\"ad1b577\" data-element_type=\"container\" data-settings=\"{&quot;background_background&quot;:&quot;classic&quot;}\">\n\t\t\t\t<div class=\"elementor-element elementor-element-999be87 elementor-widget elementor-widget-image\" data-id=\"999be87\" data-element_type=\"widget\" data-widget_type=\"image.default\">\n\t\t\t\t\t\t\t\t\t\t\t\t\t\t\t\t<a href=\"https:\/\/artealaesquinayalavereda.org\/wp-content\/uploads\/2025\/08\/11745533_1705809159642572_1191460071806601271_n-6.png\" data-elementor-open-lightbox=\"yes\" data-elementor-lightbox-title=\"Barranquilla\" data-elementor-lightbox-description=\"La primera versi\u00f3n del festival reconoci\u00f3 la necesidad de trabajar por un espacio de encuentro colectivo de las y los artistas de cara a un movimiento nacional, se acord\u00f3 mantener este festival de manera itinerante a nivel nacional, haciendo de este encuentro un espacio organizativo donde la pr\u00e1ctica art\u00edstica nos permite ejercer procesos de liberaci\u00f3n.\" data-e-action-hash=\"#elementor-action%3Aaction%3Dlightbox%26settings%3DeyJpZCI6MTE2MSwidXJsIjoiaHR0cHM6XC9cL2FydGVhbGFlc3F1aW5heWFsYXZlcmVkYS5vcmdcL3dwLWNvbnRlbnRcL3VwbG9hZHNcLzIwMjVcLzA4XC8xMTc0NTUzM18xNzA1ODA5MTU5NjQyNTcyXzExOTE0NjAwNzE4MDY2MDEyNzFfbi02LnBuZyJ9\">\n\t\t\t\t\t\t\t<img decoding=\"async\" width=\"768\" height=\"512\" src=\"https:\/\/artealaesquinayalavereda.org\/wp-content\/uploads\/2025\/08\/11745533_1705809159642572_1191460071806601271_n-6-768x512.png\" class=\"attachment-medium_large size-medium_large wp-image-1161\" alt=\"\" srcset=\"https:\/\/artealaesquinayalavereda.org\/wp-content\/uploads\/2025\/08\/11745533_1705809159642572_1191460071806601271_n-6-768x512.png 768w, https:\/\/artealaesquinayalavereda.org\/wp-content\/uploads\/2025\/08\/11745533_1705809159642572_1191460071806601271_n-6-300x200.png 300w, https:\/\/artealaesquinayalavereda.org\/wp-content\/uploads\/2025\/08\/11745533_1705809159642572_1191460071806601271_n-6-600x400.png 600w, https:\/\/artealaesquinayalavereda.org\/wp-content\/uploads\/2025\/08\/11745533_1705809159642572_1191460071806601271_n-6.png 960w\" sizes=\"(max-width: 768px) 100vw, 768px\" \/>\t\t\t\t\t\t\t\t<\/a>\n\t\t\t\t\t\t\t\t\t\t\t\t\t\t\t<\/div>\n\t\t\t\t<\/div>\n\t\t<div class=\"elementor-element elementor-element-c38aff6 e-con-full e-flex e-con e-child\" data-id=\"c38aff6\" data-element_type=\"container\">\n\t\t\t\t<div class=\"elementor-element elementor-element-12255f4 elementor-widget elementor-widget-image\" data-id=\"12255f4\" data-element_type=\"widget\" data-widget_type=\"image.default\">\n\t\t\t\t\t\t\t\t\t\t\t\t<figure class=\"wp-caption\">\n\t\t\t\t\t\t\t\t\t\t\t<a href=\"https:\/\/artealaesquinayalavereda.org\/wp-content\/uploads\/2025\/08\/11745533_1705809159642572_1191460071806601271_n-5.png\" data-elementor-open-lightbox=\"yes\" data-elementor-lightbox-title=\"Nari\u00f1o\" data-elementor-lightbox-description=\"La primera versi\u00f3n del festival reconoci\u00f3 la necesidad de trabajar por un espacio de encuentro colectivo de las y los artistas de cara a un movimiento nacional, se acord\u00f3 mantener este festival de manera itinerante a nivel nacional, haciendo de este encuentro un espacio organizativo donde la pr\u00e1ctica art\u00edstica nos permite ejercer procesos de liberaci\u00f3n.\" data-e-action-hash=\"#elementor-action%3Aaction%3Dlightbox%26settings%3DeyJpZCI6MTE1NCwidXJsIjoiaHR0cHM6XC9cL2FydGVhbGFlc3F1aW5heWFsYXZlcmVkYS5vcmdcL3dwLWNvbnRlbnRcL3VwbG9hZHNcLzIwMjVcLzA4XC8xMTc0NTUzM18xNzA1ODA5MTU5NjQyNTcyXzExOTE0NjAwNzE4MDY2MDEyNzFfbi01LnBuZyJ9\">\n\t\t\t\t\t\t\t<img decoding=\"async\" width=\"847\" height=\"565\" src=\"https:\/\/artealaesquinayalavereda.org\/wp-content\/uploads\/2025\/08\/11745533_1705809159642572_1191460071806601271_n-5.png\" class=\"attachment-large size-large wp-image-1154\" alt=\"\" srcset=\"https:\/\/artealaesquinayalavereda.org\/wp-content\/uploads\/2025\/08\/11745533_1705809159642572_1191460071806601271_n-5.png 960w, https:\/\/artealaesquinayalavereda.org\/wp-content\/uploads\/2025\/08\/11745533_1705809159642572_1191460071806601271_n-5-300x200.png 300w, https:\/\/artealaesquinayalavereda.org\/wp-content\/uploads\/2025\/08\/11745533_1705809159642572_1191460071806601271_n-5-768x512.png 768w, https:\/\/artealaesquinayalavereda.org\/wp-content\/uploads\/2025\/08\/11745533_1705809159642572_1191460071806601271_n-5-600x400.png 600w\" sizes=\"(max-width: 847px) 100vw, 847px\" \/>\t\t\t\t\t\t\t\t<\/a>\n\t\t\t\t\t\t\t\t\t\t\t<figcaption class=\"widget-image-caption wp-caption-text\"><\/figcaption>\n\t\t\t\t\t\t\t\t\t\t<\/figure>\n\t\t\t\t\t\t\t\t\t<\/div>\n\t\t\t\t<\/div>\n\t\t<div class=\"elementor-element elementor-element-03e256d e-con-full e-flex e-con e-child\" data-id=\"03e256d\" data-element_type=\"container\">\n\t\t\t\t<div class=\"elementor-element elementor-element-2a81bf6 elementor-widget elementor-widget-image\" data-id=\"2a81bf6\" data-element_type=\"widget\" data-widget_type=\"image.default\">\n\t\t\t\t\t\t\t\t\t\t\t\t<figure class=\"wp-caption\">\n\t\t\t\t\t\t\t\t\t\t\t<a href=\"https:\/\/artealaesquinayalavereda.org\/wp-content\/uploads\/2025\/08\/11745533_1705809159642572_1191460071806601271_n-3.png\" data-elementor-open-lightbox=\"yes\" data-elementor-lightbox-title=\"Saravena\" data-elementor-lightbox-description=\"El arte que consolida el Festival Nacional de Arte a la Esquina y la Vereda  debe estar en funci\u00f3n de la transformaci\u00f3n de las condiciones sociales, desde las tradiciones de los pueblos, el folclor y la creaci\u00f3n de nuevas expresiones. Este espacio alimenta las creaciones art\u00edsticas del movimiento social nacional mediante la creatividad y la sensibilidad.  \" data-e-action-hash=\"#elementor-action%3Aaction%3Dlightbox%26settings%3DeyJpZCI6MTE0MCwidXJsIjoiaHR0cHM6XC9cL2FydGVhbGFlc3F1aW5heWFsYXZlcmVkYS5vcmdcL3dwLWNvbnRlbnRcL3VwbG9hZHNcLzIwMjVcLzA4XC8xMTc0NTUzM18xNzA1ODA5MTU5NjQyNTcyXzExOTE0NjAwNzE4MDY2MDEyNzFfbi0zLnBuZyJ9\">\n\t\t\t\t\t\t\t<img loading=\"lazy\" decoding=\"async\" width=\"847\" height=\"565\" src=\"https:\/\/artealaesquinayalavereda.org\/wp-content\/uploads\/2025\/08\/11745533_1705809159642572_1191460071806601271_n-3.png\" class=\"attachment-large size-large wp-image-1140\" alt=\"\" srcset=\"https:\/\/artealaesquinayalavereda.org\/wp-content\/uploads\/2025\/08\/11745533_1705809159642572_1191460071806601271_n-3.png 960w, https:\/\/artealaesquinayalavereda.org\/wp-content\/uploads\/2025\/08\/11745533_1705809159642572_1191460071806601271_n-3-300x200.png 300w, https:\/\/artealaesquinayalavereda.org\/wp-content\/uploads\/2025\/08\/11745533_1705809159642572_1191460071806601271_n-3-768x512.png 768w, https:\/\/artealaesquinayalavereda.org\/wp-content\/uploads\/2025\/08\/11745533_1705809159642572_1191460071806601271_n-3-600x400.png 600w\" sizes=\"(max-width: 847px) 100vw, 847px\" \/>\t\t\t\t\t\t\t\t<\/a>\n\t\t\t\t\t\t\t\t\t\t\t<figcaption class=\"widget-image-caption wp-caption-text\"><\/figcaption>\n\t\t\t\t\t\t\t\t\t\t<\/figure>\n\t\t\t\t\t\t\t\t\t<\/div>\n\t\t\t\t<\/div>\n\t\t<div class=\"elementor-element elementor-element-39edc1f e-con-full e-flex e-con e-child\" data-id=\"39edc1f\" data-element_type=\"container\">\n\t\t\t\t<div class=\"elementor-element elementor-element-325606d elementor-widget elementor-widget-image\" data-id=\"325606d\" data-element_type=\"widget\" data-widget_type=\"image.default\">\n\t\t\t\t\t\t\t\t\t\t\t\t<figure class=\"wp-caption\">\n\t\t\t\t\t\t\t\t\t\t\t<a href=\"https:\/\/artealaesquinayalavereda.org\/wp-content\/uploads\/2025\/08\/11745533_1705809159642572_1191460071806601271_n-7.png\" data-elementor-open-lightbox=\"yes\" data-elementor-lightbox-title=\"Valle de Aburr\u00e1\" data-elementor-lightbox-description=\"El festival avanza en su construcci\u00f3n program\u00e1tica y para ello direcciona su quehacer desde de lo ideol\u00f3gico por un lado y lo art\u00edstico por el otro. Se plantea la necesidad de trabajar articuladamente en las tem\u00e1ticas definidas para ir al un\u00edsono con el movimiento social.\" data-e-action-hash=\"#elementor-action%3Aaction%3Dlightbox%26settings%3DeyJpZCI6MTE2NiwidXJsIjoiaHR0cHM6XC9cL2FydGVhbGFlc3F1aW5heWFsYXZlcmVkYS5vcmdcL3dwLWNvbnRlbnRcL3VwbG9hZHNcLzIwMjVcLzA4XC8xMTc0NTUzM18xNzA1ODA5MTU5NjQyNTcyXzExOTE0NjAwNzE4MDY2MDEyNzFfbi03LnBuZyJ9\">\n\t\t\t\t\t\t\t<img loading=\"lazy\" decoding=\"async\" width=\"847\" height=\"565\" src=\"https:\/\/artealaesquinayalavereda.org\/wp-content\/uploads\/2025\/08\/11745533_1705809159642572_1191460071806601271_n-7.png\" class=\"attachment-large size-large wp-image-1166\" alt=\"\" srcset=\"https:\/\/artealaesquinayalavereda.org\/wp-content\/uploads\/2025\/08\/11745533_1705809159642572_1191460071806601271_n-7.png 960w, https:\/\/artealaesquinayalavereda.org\/wp-content\/uploads\/2025\/08\/11745533_1705809159642572_1191460071806601271_n-7-300x200.png 300w, https:\/\/artealaesquinayalavereda.org\/wp-content\/uploads\/2025\/08\/11745533_1705809159642572_1191460071806601271_n-7-768x512.png 768w, https:\/\/artealaesquinayalavereda.org\/wp-content\/uploads\/2025\/08\/11745533_1705809159642572_1191460071806601271_n-7-600x400.png 600w\" sizes=\"(max-width: 847px) 100vw, 847px\" \/>\t\t\t\t\t\t\t\t<\/a>\n\t\t\t\t\t\t\t\t\t\t\t<figcaption class=\"widget-image-caption wp-caption-text\"><\/figcaption>\n\t\t\t\t\t\t\t\t\t\t<\/figure>\n\t\t\t\t\t\t\t\t\t<\/div>\n\t\t\t\t<\/div>\n\t\t<div class=\"elementor-element elementor-element-dba07bc e-con-full e-flex e-con e-child\" data-id=\"dba07bc\" data-element_type=\"container\">\n\t\t\t\t<div class=\"elementor-element elementor-element-663b277 elementor-widget elementor-widget-image\" data-id=\"663b277\" data-element_type=\"widget\" data-widget_type=\"image.default\">\n\t\t\t\t\t\t\t\t\t\t\t\t<figure class=\"wp-caption\">\n\t\t\t\t\t\t\t\t\t\t\t<a href=\"https:\/\/artealaesquinayalavereda.org\/wp-content\/uploads\/2025\/08\/11745533_1705809159642572_1191460071806601271_n-8.png\" data-elementor-open-lightbox=\"yes\" data-elementor-lightbox-title=\"Bucaramanga\" data-elementor-lightbox-description=\"En esta versi\u00f3n se desarrollaron los foros polif\u00f3nicos, en los cuales se debati\u00f3 la necesidad de fortalecer un movimiento nacional cultural y luchar por la democratizaci\u00f3n del arte, y la cultura del pueblo y para el pueblo, contra la hegemon\u00eda de la industria cultural que homogeniza el pensamiento y enajena las conciencias. \" data-e-action-hash=\"#elementor-action%3Aaction%3Dlightbox%26settings%3DeyJpZCI6MTE3MSwidXJsIjoiaHR0cHM6XC9cL2FydGVhbGFlc3F1aW5heWFsYXZlcmVkYS5vcmdcL3dwLWNvbnRlbnRcL3VwbG9hZHNcLzIwMjVcLzA4XC8xMTc0NTUzM18xNzA1ODA5MTU5NjQyNTcyXzExOTE0NjAwNzE4MDY2MDEyNzFfbi04LnBuZyJ9\">\n\t\t\t\t\t\t\t<img loading=\"lazy\" decoding=\"async\" width=\"847\" height=\"565\" src=\"https:\/\/artealaesquinayalavereda.org\/wp-content\/uploads\/2025\/08\/11745533_1705809159642572_1191460071806601271_n-8.png\" class=\"attachment-large size-large wp-image-1171\" alt=\"\" srcset=\"https:\/\/artealaesquinayalavereda.org\/wp-content\/uploads\/2025\/08\/11745533_1705809159642572_1191460071806601271_n-8.png 960w, https:\/\/artealaesquinayalavereda.org\/wp-content\/uploads\/2025\/08\/11745533_1705809159642572_1191460071806601271_n-8-300x200.png 300w, https:\/\/artealaesquinayalavereda.org\/wp-content\/uploads\/2025\/08\/11745533_1705809159642572_1191460071806601271_n-8-768x512.png 768w, https:\/\/artealaesquinayalavereda.org\/wp-content\/uploads\/2025\/08\/11745533_1705809159642572_1191460071806601271_n-8-600x400.png 600w\" sizes=\"(max-width: 847px) 100vw, 847px\" \/>\t\t\t\t\t\t\t\t<\/a>\n\t\t\t\t\t\t\t\t\t\t\t<figcaption class=\"widget-image-caption wp-caption-text\"><\/figcaption>\n\t\t\t\t\t\t\t\t\t\t<\/figure>\n\t\t\t\t\t\t\t\t\t<\/div>\n\t\t\t\t<\/div>\n\t\t<div class=\"elementor-element elementor-element-08b635d e-con-full e-flex e-con e-child\" data-id=\"08b635d\" data-element_type=\"container\">\n\t\t\t\t<div class=\"elementor-element elementor-element-9cc185d elementor-widget elementor-widget-image\" data-id=\"9cc185d\" data-element_type=\"widget\" data-widget_type=\"image.default\">\n\t\t\t\t\t\t\t\t\t\t\t\t<figure class=\"wp-caption\">\n\t\t\t\t\t\t\t\t\t\t\t<a href=\"https:\/\/artealaesquinayalavereda.org\/wp-content\/uploads\/2025\/08\/11745533_1705809159642572_1191460071806601271_n-9.png\" data-elementor-open-lightbox=\"yes\" data-elementor-lightbox-title=\"Quibd\u00f3\" data-elementor-lightbox-description=\"El festival se mantuvo como un espacio para la circulaci\u00f3n de la cultura y el arte del campesino, del trabajador, de los estudiantes, de los j\u00f3venes, los afrodescendientes, de los pueblos originarios, de las ciudades y en general, de la sociedad en su conjunto. Es un festival que se propone romper con las l\u00f3gicas del consumismo, la banalidad comercial de la industria del entretenimiento cultural en las l\u00f3gicas de la cultura capitalista.\" data-e-action-hash=\"#elementor-action%3Aaction%3Dlightbox%26settings%3DeyJpZCI6MTE3NSwidXJsIjoiaHR0cHM6XC9cL2FydGVhbGFlc3F1aW5heWFsYXZlcmVkYS5vcmdcL3dwLWNvbnRlbnRcL3VwbG9hZHNcLzIwMjVcLzA4XC8xMTc0NTUzM18xNzA1ODA5MTU5NjQyNTcyXzExOTE0NjAwNzE4MDY2MDEyNzFfbi05LnBuZyJ9\">\n\t\t\t\t\t\t\t<img loading=\"lazy\" decoding=\"async\" width=\"847\" height=\"565\" src=\"https:\/\/artealaesquinayalavereda.org\/wp-content\/uploads\/2025\/08\/11745533_1705809159642572_1191460071806601271_n-9.png\" class=\"attachment-large size-large wp-image-1175\" alt=\"\" srcset=\"https:\/\/artealaesquinayalavereda.org\/wp-content\/uploads\/2025\/08\/11745533_1705809159642572_1191460071806601271_n-9.png 960w, https:\/\/artealaesquinayalavereda.org\/wp-content\/uploads\/2025\/08\/11745533_1705809159642572_1191460071806601271_n-9-300x200.png 300w, https:\/\/artealaesquinayalavereda.org\/wp-content\/uploads\/2025\/08\/11745533_1705809159642572_1191460071806601271_n-9-768x512.png 768w, https:\/\/artealaesquinayalavereda.org\/wp-content\/uploads\/2025\/08\/11745533_1705809159642572_1191460071806601271_n-9-600x400.png 600w\" sizes=\"(max-width: 847px) 100vw, 847px\" \/>\t\t\t\t\t\t\t\t<\/a>\n\t\t\t\t\t\t\t\t\t\t\t<figcaption class=\"widget-image-caption wp-caption-text\"><\/figcaption>\n\t\t\t\t\t\t\t\t\t\t<\/figure>\n\t\t\t\t\t\t\t\t\t<\/div>\n\t\t\t\t<\/div>\n\t\t\t\t\t<\/div>\n\t\t\t\t<\/div>\n\t\t\t\t<\/div>\n\t\t","protected":false},"excerpt":{"rendered":"","protected":false},"author":1,"featured_media":0,"parent":0,"menu_order":0,"comment_status":"closed","ping_status":"closed","template":"template-parts\/template-page-builders.php","meta":{"footnotes":""},"class_list":["post-760","page","type-page","status-publish","hentry"],"_links":{"self":[{"href":"https:\/\/artealaesquinayalavereda.org\/index.php\/wp-json\/wp\/v2\/pages\/760","targetHints":{"allow":["GET"]}}],"collection":[{"href":"https:\/\/artealaesquinayalavereda.org\/index.php\/wp-json\/wp\/v2\/pages"}],"about":[{"href":"https:\/\/artealaesquinayalavereda.org\/index.php\/wp-json\/wp\/v2\/types\/page"}],"author":[{"embeddable":true,"href":"https:\/\/artealaesquinayalavereda.org\/index.php\/wp-json\/wp\/v2\/users\/1"}],"replies":[{"embeddable":true,"href":"https:\/\/artealaesquinayalavereda.org\/index.php\/wp-json\/wp\/v2\/comments?post=760"}],"version-history":[{"count":99,"href":"https:\/\/artealaesquinayalavereda.org\/index.php\/wp-json\/wp\/v2\/pages\/760\/revisions"}],"predecessor-version":[{"id":1183,"href":"https:\/\/artealaesquinayalavereda.org\/index.php\/wp-json\/wp\/v2\/pages\/760\/revisions\/1183"}],"wp:attachment":[{"href":"https:\/\/artealaesquinayalavereda.org\/index.php\/wp-json\/wp\/v2\/media?parent=760"}],"curies":[{"name":"wp","href":"https:\/\/api.w.org\/{rel}","templated":true}]}}